{"id":262,"date":"2025-08-13T11:42:27","date_gmt":"2025-08-13T11:42:27","guid":{"rendered":"https:\/\/b1gym.yunsoftyazilim.com\/?post_type=product&#038;p=262"},"modified":"2025-08-13T13:44:45","modified_gmt":"2025-08-13T13:44:45","slug":"bigjoy-sports-hydro-pump-glycerol-creatine-aromasiz-180g-30-servis","status":"publish","type":"product","link":"https:\/\/b1gym.yunsoftyazilim.com\/?product=bigjoy-sports-hydro-pump-glycerol-creatine-aromasiz-180g-30-servis","title":{"rendered":"BigJoy Sports Hydro Pump Glycerol + Creatine Aromas\u0131z 180g 30 Servis"},"content":{"rendered":"<p><span style=\"vertical-align: inherit;\"><span style=\"vertical-align: inherit;\"><span style=\"vertical-align: inherit;\"><span style=\"vertical-align: inherit;\">BigJoy Sports Hydro Pump Glycerol + Creatine Aromas\u0131z 180g 30 Servis<\/span><\/span><\/span><\/span><\/p>\n<p>G\u00fc\u00e7 ve Dayan\u0131kl\u0131l\u0131\u011f\u0131 Bir Araya Getiren Form\u00fcl<\/p>\n<p>Y\u00fcksek tempolu antrenmanlar, maksimum performans hedefleri ve her tekrar\u0131n hakk\u0131n\u0131 veren sporcular i\u00e7in geli\u015ftirilen HYDRO PUMP GLYCEROL, glycerol ve kreatin i\u00e7eri\u011fiyle antrenman performans\u0131n\u0131za g\u00fc\u00e7l\u00fc bir destek sunar.<\/p>\n<p>\u2714\ufe0f Glycerol, antrenman s\u00fcresince v\u00fccudun s\u0131v\u0131 dengesini korumas\u0131na yard\u0131mc\u0131 olur; bu da \u00f6zellikle uzun s\u00fcreli egzersizlerde destekleyici olabilir.<\/p>\n<p>\u2714\ufe0f Kreatin, kas h\u00fccrelerinde do\u011fal olarak bulunan bir bile\u015fiktir ve yo\u011fun fiziksel aktivite s\u0131ras\u0131nda enerji metabolizmas\u0131nda g\u00f6rev al\u0131r.<\/p>\n<p>Bu iki g\u00fc\u00e7l\u00fc bile\u015fen, hem antrenman esnas\u0131nda hem de sonras\u0131nda ihtiya\u00e7 duyulan deste\u011fi pratik ve h\u0131zl\u0131 bir \u015fekilde sunmak i\u00e7in bir araya getirildi.<\/p>\n<p>T\u00fcm kreatin \u00fcr\u00fcnlerinde oldu\u011fu gibi kullan\u0131m s\u00fcresi boyunca yeterli miktarda su t\u00fcketti\u011finizden emin olunuz. \u00dcr\u00fcnde \u00e7\u00f6kme olabilece\u011finden kullanmadan \u00f6nce iyice \u00e7alkalay\u0131n\u0131z.<\/p>\n<p>&nbsp;<\/p>\n<p>Kullan\u0131m Bilgisi: \u00a01 servis yakla\u015f\u0131k 6g \u00fcr\u00fcn\u00fc, 100-200ml su ile kar\u0131\u015ft\u0131rarak antrenman \u00f6ncesi ve antrenman yaparken t\u00fcketiniz. Hydro Pump \u00fcr\u00fcn\u00fcm\u00fcz\u00fc di\u011fer kulland\u0131\u011f\u0131n\u0131z \u00fcr\u00fcnlere ekleyerek kullanabilirsiniz.<\/p>\n<p>Bile\u015fenler: Gliserol Tozu, Mikronize Kreatin Monohidrat, Silikon Dioksit.<\/p>\n<p>Alerjen Uyar\u0131s\u0131: S\u00fct, soya, yumurta, kereviz, gluten i\u00e7eren tah\u0131llar ve hardal i\u015fleyen tesislerde \u00fcretilmi\u015ftir. \u0130z miktarda bula\u015fma olabilir.<\/p>\n<p>Saklama ko\u015fullar\u0131 :\u00a0\u00dcr\u00fcn\u00fcn tazeli\u011fini korumak i\u00e7in serin ve kuru yerde muhafaza ediniz. Do\u011frudan g\u00fcne\u015f \u0131\u015f\u0131\u011f\u0131na maruz b\u0131rakmay\u0131n\u0131z.<\/p>\n","protected":false},"excerpt":{"rendered":"<p>BigJoy Sports Hydro Pump Glycerol + Creatine Aromas\u0131z 180g 30 Servis G\u00fc\u00e7 ve Dayan\u0131kl\u0131l\u0131\u011f\u0131 Bir Araya Getiren Form\u00fcl Y\u00fcksek tempolu antrenmanlar, maksimum performans hedefleri ve her tekrar\u0131n hakk\u0131n\u0131 veren sporcular i\u00e7in geli\u015ftirilen HYDRO PUMP GLYCEROL, glycerol ve kreatin i\u00e7eri\u011fiyle antrenman performans\u0131n\u0131za g\u00fc\u00e7l\u00fc bir destek sunar. \u2714\ufe0f Glycerol, antrenman s\u00fcresince v\u00fccudun s\u0131v\u0131 dengesini korumas\u0131na yard\u0131mc\u0131 olur; [&hellip;]<\/p>\n","protected":false},"featured_media":263,"comment_status":"open","ping_status":"closed","template":"","meta":[],"product_brand":[21],"product_cat":[19],"product_tag":[20],"class_list":{"0":"post-262","1":"product","2":"type-product","3":"status-publish","4":"has-post-thumbnail","6":"product_brand-bigjoy","7":"product_cat-kreatin","8":"product_tag-pump","10":"first","11":"instock","12":"sale","13":"shipping-taxable","14":"purchasable","15":"product-type-simple"},"_links":{"self":[{"href":"https:\/\/b1gym.yunsoftyazilim.com\/index.php?rest_route=\/wp\/v2\/product\/262","targetHints":{"allow":["GET"]}}],"collection":[{"href":"https:\/\/b1gym.yunsoftyazilim.com\/index.php?rest_route=\/wp\/v2\/product"}],"about":[{"href":"https:\/\/b1gym.yunsoftyazilim.com\/index.php?rest_route=\/wp\/v2\/types\/product"}],"replies":[{"embeddable":true,"href":"https:\/\/b1gym.yunsoftyazilim.com\/index.php?rest_route=%2Fwp%2Fv2%2Fcomments&post=262"}],"wp:featuredmedia":[{"embeddable":true,"href":"https:\/\/b1gym.yunsoftyazilim.com\/index.php?rest_route=\/wp\/v2\/media\/263"}],"wp:attachment":[{"href":"https:\/\/b1gym.yunsoftyazilim.com\/index.php?rest_route=%2Fwp%2Fv2%2Fmedia&parent=262"}],"wp:term":[{"taxonomy":"product_brand","embeddable":true,"href":"https:\/\/b1gym.yunsoftyazilim.com\/index.php?rest_route=%2Fwp%2Fv2%2Fproduct_brand&post=262"},{"taxonomy":"product_cat","embeddable":true,"href":"https:\/\/b1gym.yunsoftyazilim.com\/index.php?rest_route=%2Fwp%2Fv2%2Fproduct_cat&post=262"},{"taxonomy":"product_tag","embeddable":true,"href":"https:\/\/b1gym.yunsoftyazilim.com\/index.php?rest_route=%2Fwp%2Fv2%2Fproduct_tag&post=262"}],"curies":[{"name":"wp","href":"https:\/\/api.w.org\/{rel}","templated":true}]}}